{"id":55,"date":"2024-07-05T08:50:10","date_gmt":"2024-07-05T08:50:10","guid":{"rendered":"https:\/\/enpageo.de\/?page_id=55"},"modified":"2025-06-02T06:20:42","modified_gmt":"2025-06-02T06:20:42","slug":"allgemeine-geschaeftsbedingungen","status":"publish","type":"page","link":"https:\/\/enpageo.de\/en\/allgemeine-geschaeftsbedingungen\/","title":{"rendered":"General Terms and Conditions"},"content":{"rendered":"<div data-elementor-type=\"wp-page\" data-elementor-id=\"55\" class=\"elementor elementor-55\">\n\t\t\t\t\t\t<header class=\"elementor-section elementor-top-section elementor-element elementor-element-541b7bb8 elementor-section-height-min-height elementor-section-boxed elementor-section-height-default elementor-section-items-middle\" data-id=\"541b7bb8\" data-element_type=\"section\" data-settings=\"{&quot;background_background&quot;:&quot;classic&quot;}\">\n\t\t\t\t\t\t\t<div class=\"elementor-background-overlay\"><\/div>\n\t\t\t\t\t\t\t<div class=\"elementor-container elementor-column-gap-default\">\n\t\t\t\t\t<div class=\"elementor-column elementor-col-100 elementor-top-column elementor-element elementor-element-5630853b\" data-id=\"5630853b\" data-element_type=\"column\">\n\t\t\t<div class=\"elementor-widget-wrap elementor-element-populated\">\n\t\t\t\t\t\t<div class=\"elementor-element elementor-element-30a096af elementor-widget elementor-widget-heading\" data-id=\"30a096af\" data-element_type=\"widget\" data-widget_type=\"heading.default\">\n\t\t\t\t<div class=\"elementor-widget-container\">\n\t\t\t\t\t<h1 class=\"elementor-heading-title elementor-size-default\">General Terms and Conditions<\/h1>\t\t\t\t<\/div>\n\t\t\t\t<\/div>\n\t\t\t\t<div class=\"elementor-element elementor-element-9cc7319 elementor-widget__width-initial elementor-absolute elementor-widget-divider--view-line elementor-invisible elementor-widget elementor-widget-divider\" data-id=\"9cc7319\" data-element_type=\"widget\" data-settings=\"{&quot;_animation&quot;:&quot;flash&quot;,&quot;_position&quot;:&quot;absolute&quot;}\" data-widget_type=\"divider.default\">\n\t\t\t\t<div class=\"elementor-widget-container\">\n\t\t\t\t\t\t\t<div class=\"elementor-divider\">\n\t\t\t<span class=\"elementor-divider-separator\">\n\t\t\t\t\t\t<\/span>\n\t\t<\/div>\n\t\t\t\t\t\t<\/div>\n\t\t\t\t<\/div>\n\t\t\t\t\t<\/div>\n\t\t<\/div>\n\t\t\t\t\t<\/div>\n\t\t<\/header>\n\t\t<div class=\"elementor-element elementor-element-32f2ccb e-flex e-con-boxed e-con e-parent\" data-id=\"32f2ccb\" data-element_type=\"container\">\n\t\t\t\t\t<div class=\"e-con-inner\">\n\t\t\t\t<div class=\"elementor-element elementor-element-942fa8e elementor-widget elementor-widget-spacer\" data-id=\"942fa8e\" data-element_type=\"widget\" data-widget_type=\"spacer.default\">\n\t\t\t\t<div class=\"elementor-widget-container\">\n\t\t\t\t\t\t\t<div class=\"elementor-spacer\">\n\t\t\t<div class=\"elementor-spacer-inner\"><\/div>\n\t\t<\/div>\n\t\t\t\t\t\t<\/div>\n\t\t\t\t<\/div>\n\t\t\t\t<div class=\"elementor-element elementor-element-b2c063f elementor-widget elementor-widget-text-editor\" data-id=\"b2c063f\" data-element_type=\"widget\" data-widget_type=\"text-editor.default\">\n\t\t\t\t<div class=\"elementor-widget-container\">\n\t\t\t\t\t\t\t\t\t<p><strong>General Terms and Conditions (GTC) of Enpageo GmbH<br \/><\/strong><\/p><p>The following General Terms and Conditions apply to all business relationships with our customers, including all future business relationships. Any deviating terms and conditions of our customers are not recognized, even without explicit objection from us.<\/p><p><strong> 1. Prices<\/strong><\/p><p>Prices are exclusive of the applicable statutory value-added tax.<\/p><p><strong> 2. Delivery Dates<\/strong><\/p><p>(1) Agreed delivery dates shall be reasonably extended in the event of subsequent changes to the order initiated by the customer or in the event of delayed delivery by the customer, as well as in cases of force majeure, labor disputes, or operational disruptions for which we are not responsible\u2014whether in our own company or at our subcontractors. Fixed delivery dates are only binding if explicitly confirmed by us in writing and designated as such.<\/p><p>(2) In the event of a culpable delay in delivery, default occurs only after a written reminder from the customer. In the event of default, the customer is entitled to withdraw from the contract after setting a reasonable written grace period or to claim damages.<\/p><p><strong>3. Warranty and Liability<\/strong><\/p><p>(1) Enpageo information is based largely on official data, our own or third-party surveys, and derived calculations. Their validity is therefore limited to the usual statistical range.<\/p><p>(2) The customer acknowledges that the data and software products are complex, and that the warranty obligations specified in this section do not include a tolerance for permissible errors. Enpageo does not guarantee that the software and data products will meet the needs or expectations of end users. Software products, due to their complexity, cannot be entirely error-free and are based on third-party products, whose freedom from defects cannot be guaranteed.<\/p><p>(3) Complaints regarding incomplete or defective deliveries must be reported to us within fourteen days of delivery in the case of obvious defects. If the customer is a merchant, defects that are detectable through reasonable inspection must be reported within ten days of delivery, and hidden defects must be reported in writing upon discovery.<\/p><p>(4) If a timely complaint proves to be justified, we reserve the right to choose between rectification or replacement. If two attempts at rectification fail, or if a replacement is also defective, or if rectification is not carried out within a reasonable period, the customer may demand a price reduction or withdraw from the contract. Liability for guaranteed properties remains unaffected.<\/p><p>(5) Any claim for damages by the customer\u2014regardless of legal basis, particularly for delay, impossibility, fault upon conclusion of the contract, breach of duty, or tort\u2014is excluded in cases of slight negligence, except in the breach of essential contractual obligations (cardinal obligations). In the case of slightly negligent breaches of cardinal obligations essential for achieving the contractual purpose, we are liable for personal injury without limitation, and for property and financial damages only for those that were foreseeable at the time of contract conclusion. In commercial transactions with merchants, the aforementioned limitations of liability also apply to gross negligence.<\/p><p>(6) Liability for consequential damages due to defects resulting from a breach of contract is excluded unless caused by intent or gross negligence.<\/p><p><strong> 4. Scope of Use<\/strong><\/p><p>(1) All programs delivered by us are protected by copyright according to \u00a7\u00a7 69a ff. of the German Copyright Act (UrhG), and all data delivered by us are protected by special copyright according to \u00a7\u00a7 87a ff. UrhG. Therefore, they may only be used within the scope agreed upon with the customer.<\/p><p>(2) The reproduction of the programs and data we deliver requires our prior express consent. The same applies to transmission over telecommunications networks to other computers. Creating a necessary backup copy is permitted.<\/p><p>(3) For each culpable violation of the reproduction prohibition, the customer must pay a contractual penalty of EUR 300,000.00. We reserve the right to claim further damages beyond this amount.<\/p><p><strong> 5. Payments<\/strong><\/p><p>(1) Unless otherwise agreed, our invoices are payable within 14 days from the invoice date without deduction. If the customer is in default, we are entitled to charge interest at 6% above the current discount rate of Deutsche Bank from that point on.<\/p><p>(2) If we subsequently become aware that the customer withheld unfavorable circumstances at the time of contract conclusion that would have indicated an inability to fulfill the contract, we are entitled to withdraw from the contract without notice and to demand payment for services already rendered.<\/p><p>(3) Offsetting with counterclaims or withholding payments is only permitted if the customer\u2019s claims are undisputed or legally established.<\/p><p><strong> 6. Assignment<\/strong><\/p><p>The assignment of rights from the business relationship or of claims against us to third parties requires our prior written consent to be valid.<\/p><p><strong>7. General Provisions<\/strong><\/p><p>All legal relationships with us are governed exclusively by German law. International sales law does not apply.<\/p><p><strong>8. Place of Jurisdiction<\/strong><\/p><p>Berlin is agreed as the place of jurisdiction.<\/p>\t\t\t\t\t\t\t\t<\/div>\n\t\t\t\t<\/div>\n\t\t\t\t\t<\/div>\n\t\t\t\t<\/div>\n\t\t\t\t<section class=\"elementor-section elementor-top-section elementor-element elementor-element-ebd468 elementor-section-boxed elementor-section-height-default elementor-section-height-default\" data-id=\"ebd468\" data-element_type=\"section\" data-settings=\"{&quot;background_background&quot;:&quot;gradient&quot;}\">\n\t\t\t\t\t\t\t<div class=\"elementor-background-overlay\"><\/div>\n\t\t\t\t\t\t\t<div class=\"elementor-container elementor-column-gap-default\">\n\t\t\t\t\t<div class=\"elementor-column elementor-col-100 elementor-top-column elementor-element elementor-element-5bd015a0\" data-id=\"5bd015a0\" data-element_type=\"column\">\n\t\t\t<div class=\"elementor-widget-wrap elementor-element-populated\">\n\t\t\t\t\t\t<section class=\"elementor-section elementor-inner-section elementor-element elementor-element-15432d15 elementor-section-boxed elementor-section-height-default elementor-section-height-default\" data-id=\"15432d15\" data-element_type=\"section\">\n\t\t\t\t\t\t<div class=\"elementor-container elementor-column-gap-no\">\n\t\t\t\t\t<div class=\"elementor-column elementor-col-50 elementor-inner-column elementor-element elementor-element-33499916\" data-id=\"33499916\" data-element_type=\"column\">\n\t\t\t<div class=\"elementor-widget-wrap elementor-element-populated\">\n\t\t\t\t\t\t<div class=\"elementor-element elementor-element-76a65a90 elementor-icon-list--layout-traditional elementor-list-item-link-full_width elementor-widget elementor-widget-icon-list\" data-id=\"76a65a90\" data-element_type=\"widget\" data-widget_type=\"icon-list.default\">\n\t\t\t\t<div class=\"elementor-widget-container\">\n\t\t\t\t\t\t\t<ul class=\"elementor-icon-list-items\">\n\t\t\t\t\t\t\t<li class=\"elementor-icon-list-item\">\n\t\t\t\t\t\t\t\t\t\t<span class=\"elementor-icon-list-text\">Enpageo GmbH<\/span>\n\t\t\t\t\t\t\t\t\t<\/li>\n\t\t\t\t\t\t\t\t<li class=\"elementor-icon-list-item\">\n\t\t\t\t\t\t\t\t\t\t<span class=\"elementor-icon-list-text\">Lenbachstra\u00dfe 16<\/span>\n\t\t\t\t\t\t\t\t\t<\/li>\n\t\t\t\t\t\t\t\t<li class=\"elementor-icon-list-item\">\n\t\t\t\t\t\t\t\t\t\t<span class=\"elementor-icon-list-text\">10245 Berlin<\/span>\n\t\t\t\t\t\t\t\t\t<\/li>\n\t\t\t\t\t\t\t\t<li class=\"elementor-icon-list-item\">\n\t\t\t\t\t\t\t\t\t\t<span class=\"elementor-icon-list-text\">Germany<\/span>\n\t\t\t\t\t\t\t\t\t<\/li>\n\t\t\t\t\t\t<\/ul>\n\t\t\t\t\t\t<\/div>\n\t\t\t\t<\/div>\n\t\t\t\t\t<\/div>\n\t\t<\/div>\n\t\t\t\t<div class=\"elementor-column elementor-col-50 elementor-inner-column elementor-element elementor-element-7e9db710\" data-id=\"7e9db710\" data-element_type=\"column\">\n\t\t\t<div class=\"elementor-widget-wrap elementor-element-populated\">\n\t\t\t\t\t\t<div class=\"elementor-element elementor-element-178f32b8 elementor-icon-list--layout-traditional elementor-list-item-link-full_width elementor-widget elementor-widget-icon-list\" data-id=\"178f32b8\" data-element_type=\"widget\" data-widget_type=\"icon-list.default\">\n\t\t\t\t<div class=\"elementor-widget-container\">\n\t\t\t\t\t\t\t<ul class=\"elementor-icon-list-items\">\n\t\t\t\t\t\t\t<li class=\"elementor-icon-list-item\">\n\t\t\t\t\t\t\t\t\t\t\t<a href=\"https:\/\/enpageo.de\/en\/datenschutzerklaerung\/\">\n\n\t\t\t\t\t\t\t\t\t\t\t<span class=\"elementor-icon-list-text\">Imprint and privacy policy<\/span>\n\t\t\t\t\t\t\t\t\t\t\t<\/a>\n\t\t\t\t\t\t\t\t\t<\/li>\n\t\t\t\t\t\t\t\t<li class=\"elementor-icon-list-item\">\n\t\t\t\t\t\t\t\t\t\t\t<a href=\"https:\/\/enpageo.de\/en\/allgemeine-geschaeftsbedingungen\/\">\n\n\t\t\t\t\t\t\t\t\t\t\t<span class=\"elementor-icon-list-text\">General Terms and Conditions<\/span>\n\t\t\t\t\t\t\t\t\t\t\t<\/a>\n\t\t\t\t\t\t\t\t\t<\/li>\n\t\t\t\t\t\t<\/ul>\n\t\t\t\t\t\t<\/div>\n\t\t\t\t<\/div>\n\t\t\t\t\t<\/div>\n\t\t<\/div>\n\t\t\t\t\t<\/div>\n\t\t<\/section>\n\t\t\t\t<div class=\"elementor-element elementor-element-580af018 elementor-widget__width-initial elementor-widget-tablet__width-initial elementor-widget-mobile__width-initial elementor-widget-divider--view-line elementor-invisible elementor-widget elementor-widget-divider\" data-id=\"580af018\" data-element_type=\"widget\" data-settings=\"{&quot;_animation&quot;:&quot;flash&quot;}\" data-widget_type=\"divider.default\">\n\t\t\t\t<div class=\"elementor-widget-container\">\n\t\t\t\t\t\t\t<div class=\"elementor-divider\">\n\t\t\t<span class=\"elementor-divider-separator\">\n\t\t\t\t\t\t<\/span>\n\t\t<\/div>\n\t\t\t\t\t\t<\/div>\n\t\t\t\t<\/div>\n\t\t\t\t\t<\/div>\n\t\t<\/div>\n\t\t\t\t\t<\/div>\n\t\t<\/section>\n\t\t<div class=\"elementor-element elementor-element-7a86592e e-con-full e-flex e-con e-parent\" data-id=\"7a86592e\" data-element_type=\"container\" data-settings=\"{&quot;background_background&quot;:&quot;classic&quot;}\">\n\t\t\t\t<div class=\"elementor-element elementor-element-5da60ef9 elementor-widget elementor-widget-text-editor\" data-id=\"5da60ef9\" data-element_type=\"widget\" data-widget_type=\"text-editor.default\">\n\t\t\t\t<div class=\"elementor-widget-container\">\n\t\t\t\t\t\t\t\t\t<p><span class=\"elementor-icon-list-text elementor-inline-editing pen\" contenteditable=\"true\" data-elementor-setting-key=\"icon_list.4.text\" data-pen-placeholder=\"Eingabe hier...\">\u00a9 2025 Enpageo GmbH. All rights reserved.\u200b<\/span><\/p>\t\t\t\t\t\t\t\t<\/div>\n\t\t\t\t<\/div>\n\t\t\t\t<\/div>\n\t\t\t\t<\/div>","protected":false},"excerpt":{"rendered":"<p>Allgemeine Gesch\u00e4ftsbedingungen AGB der Enpageo Gmbh Die nachfolgenden Allgemeinen Gesch\u00e4fts\u00adbedingungen gelten f\u00fcr alle Gesch\u00e4ftsbeziehungen zu unseren Kund:innen, auch f\u00fcr alle k\u00fcnftigen Gesch\u00e4ftsbeziehungen. Anderslautende Bedingungen unserer Kund:innen werden auch ohne ausdr\u00fccklichen Widerspruch von uns nicht anerkannt. 1. Preise Preise verstehen sich zuz\u00fcglich der jeweils g\u00fcltigen gesetzlichen Mehrwertsteuer. 2. Liefertermine (1) Zugesagte Liefertermine verl\u00e4ngern sich angemessen bei [&hellip;]<\/p>\n","protected":false},"author":1,"featured_media":0,"parent":0,"menu_order":0,"comment_status":"closed","ping_status":"closed","template":"","meta":{"ocean_post_layout":"full-screen","ocean_both_sidebars_style":"","ocean_both_sidebars_content_width":0,"ocean_both_sidebars_sidebars_width":0,"ocean_sidebar":"","ocean_second_sidebar":"","ocean_disable_margins":"enable","ocean_add_body_class":"","ocean_shortcode_before_top_bar":"","ocean_shortcode_after_top_bar":"","ocean_shortcode_before_header":"","ocean_shortcode_after_header":"","ocean_has_shortcode":"","ocean_shortcode_after_title":"","ocean_shortcode_before_footer_widgets":"","ocean_shortcode_after_footer_widgets":"","ocean_shortcode_before_footer_bottom":"","ocean_shortcode_after_footer_bottom":"","ocean_display_top_bar":"off","ocean_display_header":"default","ocean_header_style":"","ocean_center_header_left_menu":"","ocean_custom_header_template":"","ocean_custom_logo":0,"ocean_custom_retina_logo":0,"ocean_custom_logo_max_width":0,"ocean_custom_logo_tablet_max_width":0,"ocean_custom_logo_mobile_max_width":0,"ocean_custom_logo_max_height":0,"ocean_custom_logo_tablet_max_height":0,"ocean_custom_logo_mobile_max_height":0,"ocean_header_custom_menu":"","ocean_menu_typo_font_family":"","ocean_menu_typo_font_subset":"","ocean_menu_typo_font_size":0,"ocean_menu_typo_font_size_tablet":0,"ocean_menu_typo_font_size_mobile":0,"ocean_menu_typo_font_size_unit":"px","ocean_menu_typo_font_weight":"","ocean_menu_typo_font_weight_tablet":"","ocean_menu_typo_font_weight_mobile":"","ocean_menu_typo_transform":"","ocean_menu_typo_transform_tablet":"","ocean_menu_typo_transform_mobile":"","ocean_menu_typo_line_height":0,"ocean_menu_typo_line_height_tablet":0,"ocean_menu_typo_line_height_mobile":0,"ocean_menu_typo_line_height_unit":"","ocean_menu_typo_spacing":0,"ocean_menu_typo_spacing_tablet":0,"ocean_menu_typo_spacing_mobile":0,"ocean_menu_typo_spacing_unit":"","ocean_menu_link_color":"","ocean_menu_link_color_hover":"","ocean_menu_link_color_active":"","ocean_menu_link_background":"","ocean_menu_link_hover_background":"","ocean_menu_link_active_background":"","ocean_menu_social_links_bg":"","ocean_menu_social_hover_links_bg":"","ocean_menu_social_links_color":"","ocean_menu_social_hover_links_color":"","ocean_disable_title":"on","ocean_disable_heading":"default","ocean_post_title":"","ocean_post_subheading":"","ocean_post_title_style":"","ocean_post_title_background_color":"","ocean_post_title_background":0,"ocean_post_title_bg_image_position":"","ocean_post_title_bg_image_attachment":"","ocean_post_title_bg_image_repeat":"","ocean_post_title_bg_image_size":"","ocean_post_title_height":0,"ocean_post_title_bg_overlay":0.5,"ocean_post_title_bg_overlay_color":"","ocean_disable_breadcrumbs":"default","ocean_breadcrumbs_color":"","ocean_breadcrumbs_separator_color":"","ocean_breadcrumbs_links_color":"","ocean_breadcrumbs_links_hover_color":"","ocean_display_footer_widgets":"off","ocean_display_footer_bottom":"off","ocean_custom_footer_template":"","footnotes":""},"yoast_head":"<!-- This site is optimized with the Yoast SEO plugin v24.5 - https:\/\/yoast.com\/wordpress\/plugins\/seo\/ -->\n<title>Allgemeine Gesch\u00e4ftsbedingungen - Enpageo<\/title>\n<meta name=\"robots\" content=\"index, follow, max-snippet:-1, max-image-preview:large, max-video-preview:-1\" \/>\n<link rel=\"canonical\" href=\"https:\/\/enpageo.de\/en\/allgemeine-geschaeftsbedingungen\/\" \/>\n<meta property=\"og:locale\" content=\"en_GB\" \/>\n<meta property=\"og:type\" content=\"article\" \/>\n<meta property=\"og:title\" content=\"Allgemeine Gesch\u00e4ftsbedingungen - Enpageo\" \/>\n<meta property=\"og:description\" content=\"Allgemeine Gesch\u00e4ftsbedingungen AGB der Enpageo Gmbh Die nachfolgenden Allgemeinen Gesch\u00e4fts\u00adbedingungen gelten f\u00fcr alle Gesch\u00e4ftsbeziehungen zu unseren Kund:innen, auch f\u00fcr alle k\u00fcnftigen Gesch\u00e4ftsbeziehungen. Anderslautende Bedingungen unserer Kund:innen werden auch ohne ausdr\u00fccklichen Widerspruch von uns nicht anerkannt. 1. Preise Preise verstehen sich zuz\u00fcglich der jeweils g\u00fcltigen gesetzlichen Mehrwertsteuer. 2. Liefertermine (1) Zugesagte Liefertermine verl\u00e4ngern sich angemessen bei [&hellip;]\" \/>\n<meta property=\"og:url\" content=\"https:\/\/enpageo.de\/en\/allgemeine-geschaeftsbedingungen\/\" \/>\n<meta property=\"og:site_name\" content=\"Enpageo\" \/>\n<meta property=\"article:modified_time\" content=\"2025-06-02T06:20:42+00:00\" \/>\n<meta name=\"twitter:card\" content=\"summary_large_image\" \/>\n<meta name=\"twitter:label1\" content=\"Est. reading time\" \/>\n\t<meta name=\"twitter:data1\" content=\"5 minutes\" \/>\n<script type=\"application\/ld+json\" class=\"yoast-schema-graph\">{\"@context\":\"https:\/\/schema.org\",\"@graph\":[{\"@type\":\"WebPage\",\"@id\":\"https:\/\/enpageo.de\/allgemeine-geschaeftsbedingungen\/\",\"url\":\"https:\/\/enpageo.de\/allgemeine-geschaeftsbedingungen\/\",\"name\":\"Allgemeine Gesch\u00e4ftsbedingungen - Enpageo\",\"isPartOf\":{\"@id\":\"https:\/\/enpageo.de\/#website\"},\"datePublished\":\"2024-07-05T08:50:10+00:00\",\"dateModified\":\"2025-06-02T06:20:42+00:00\",\"breadcrumb\":{\"@id\":\"https:\/\/enpageo.de\/allgemeine-geschaeftsbedingungen\/#breadcrumb\"},\"inLanguage\":\"en-GB\",\"potentialAction\":[{\"@type\":\"ReadAction\",\"target\":[\"https:\/\/enpageo.de\/allgemeine-geschaeftsbedingungen\/\"]}]},{\"@type\":\"BreadcrumbList\",\"@id\":\"https:\/\/enpageo.de\/allgemeine-geschaeftsbedingungen\/#breadcrumb\",\"itemListElement\":[{\"@type\":\"ListItem\",\"position\":1,\"name\":\"Startseite\",\"item\":\"https:\/\/enpageo.de\/\"},{\"@type\":\"ListItem\",\"position\":2,\"name\":\"Allgemeine Gesch\u00e4ftsbedingungen\"}]},{\"@type\":\"WebSite\",\"@id\":\"https:\/\/enpageo.de\/#website\",\"url\":\"https:\/\/enpageo.de\/\",\"name\":\"Enpageo\",\"description\":\"\",\"potentialAction\":[{\"@type\":\"SearchAction\",\"target\":{\"@type\":\"EntryPoint\",\"urlTemplate\":\"https:\/\/enpageo.de\/?s={search_term_string}\"},\"query-input\":{\"@type\":\"PropertyValueSpecification\",\"valueRequired\":true,\"valueName\":\"search_term_string\"}}],\"inLanguage\":\"en-GB\"}]}<\/script>\n<!-- \/ Yoast SEO plugin. -->","yoast_head_json":{"title":"Allgemeine Gesch\u00e4ftsbedingungen - Enpageo","robots":{"index":"index","follow":"follow","max-snippet":"max-snippet:-1","max-image-preview":"max-image-preview:large","max-video-preview":"max-video-preview:-1"},"canonical":"https:\/\/enpageo.de\/en\/allgemeine-geschaeftsbedingungen\/","og_locale":"en_GB","og_type":"article","og_title":"Allgemeine Gesch\u00e4ftsbedingungen - Enpageo","og_description":"Allgemeine Gesch\u00e4ftsbedingungen AGB der Enpageo Gmbh Die nachfolgenden Allgemeinen Gesch\u00e4fts\u00adbedingungen gelten f\u00fcr alle Gesch\u00e4ftsbeziehungen zu unseren Kund:innen, auch f\u00fcr alle k\u00fcnftigen Gesch\u00e4ftsbeziehungen. Anderslautende Bedingungen unserer Kund:innen werden auch ohne ausdr\u00fccklichen Widerspruch von uns nicht anerkannt. 1. Preise Preise verstehen sich zuz\u00fcglich der jeweils g\u00fcltigen gesetzlichen Mehrwertsteuer. 2. Liefertermine (1) Zugesagte Liefertermine verl\u00e4ngern sich angemessen bei [&hellip;]","og_url":"https:\/\/enpageo.de\/en\/allgemeine-geschaeftsbedingungen\/","og_site_name":"Enpageo","article_modified_time":"2025-06-02T06:20:42+00:00","twitter_card":"summary_large_image","twitter_misc":{"Est. reading time":"5 minutes"},"schema":{"@context":"https:\/\/schema.org","@graph":[{"@type":"WebPage","@id":"https:\/\/enpageo.de\/allgemeine-geschaeftsbedingungen\/","url":"https:\/\/enpageo.de\/allgemeine-geschaeftsbedingungen\/","name":"Allgemeine Gesch\u00e4ftsbedingungen - Enpageo","isPartOf":{"@id":"https:\/\/enpageo.de\/#website"},"datePublished":"2024-07-05T08:50:10+00:00","dateModified":"2025-06-02T06:20:42+00:00","breadcrumb":{"@id":"https:\/\/enpageo.de\/allgemeine-geschaeftsbedingungen\/#breadcrumb"},"inLanguage":"en-GB","potentialAction":[{"@type":"ReadAction","target":["https:\/\/enpageo.de\/allgemeine-geschaeftsbedingungen\/"]}]},{"@type":"BreadcrumbList","@id":"https:\/\/enpageo.de\/allgemeine-geschaeftsbedingungen\/#breadcrumb","itemListElement":[{"@type":"ListItem","position":1,"name":"Startseite","item":"https:\/\/enpageo.de\/"},{"@type":"ListItem","position":2,"name":"Allgemeine Gesch\u00e4ftsbedingungen"}]},{"@type":"WebSite","@id":"https:\/\/enpageo.de\/#website","url":"https:\/\/enpageo.de\/","name":"Enpageo","description":"","potentialAction":[{"@type":"SearchAction","target":{"@type":"EntryPoint","urlTemplate":"https:\/\/enpageo.de\/?s={search_term_string}"},"query-input":{"@type":"PropertyValueSpecification","valueRequired":true,"valueName":"search_term_string"}}],"inLanguage":"en-GB"}]}},"_links":{"self":[{"href":"https:\/\/enpageo.de\/en\/wp-json\/wp\/v2\/pages\/55"}],"collection":[{"href":"https:\/\/enpageo.de\/en\/wp-json\/wp\/v2\/pages"}],"about":[{"href":"https:\/\/enpageo.de\/en\/wp-json\/wp\/v2\/types\/page"}],"author":[{"embeddable":true,"href":"https:\/\/enpageo.de\/en\/wp-json\/wp\/v2\/users\/1"}],"replies":[{"embeddable":true,"href":"https:\/\/enpageo.de\/en\/wp-json\/wp\/v2\/comments?post=55"}],"version-history":[{"count":71,"href":"https:\/\/enpageo.de\/en\/wp-json\/wp\/v2\/pages\/55\/revisions"}],"predecessor-version":[{"id":1094,"href":"https:\/\/enpageo.de\/en\/wp-json\/wp\/v2\/pages\/55\/revisions\/1094"}],"wp:attachment":[{"href":"https:\/\/enpageo.de\/en\/wp-json\/wp\/v2\/media?parent=55"}],"curies":[{"name":"wp","href":"https:\/\/api.w.org\/{rel}","templated":true}]}}